{"id":184,"date":"2019-12-10T11:04:26","date_gmt":"2019-12-10T10:04:26","guid":{"rendered":"http:\/\/agpmalagacultural.es\/?page_id=184"},"modified":"2019-12-10T11:39:35","modified_gmt":"2019-12-10T10:39:35","slug":"ueber-uns","status":"publish","type":"page","link":"https:\/\/agpmalagacultural.es\/de\/ueber-uns\/","title":{"rendered":"\u00dcber uns"},"content":{"rendered":"\n<p>AGP M\u00e1laga Cultural (Verband der professionellen Reisef\u00fchrer M\u00e1laga Cultural) ist der im Jahr 2015 gegr\u00fcndete Verband der Tourismusf\u00fchrer von M\u00e1laga. Er ist aus dem Anliegen erfahrener professioneller Reiseleiter hervorgegangen, um das k\u00fcnstlerisch &#8211; kulturelle Erbe des Landes zu w\u00fcrdigen Stadt und Provinz M\u00e1laga, Ausweitung unseres T\u00e4tigkeitsbereichs auf Andalusien, Spanien und die \u00fcbrigen L\u00e4nder der Europ\u00e4ischen Union. Qualit\u00e4t, Transversalit\u00e4t und Professionalit\u00e4t bewegen uns und werden zu Grundpfeilern unseres Vereins. Wir haben einen in Spanien einzigartigen Verhaltenskodex f\u00fcr Lieferanten und Kunden, der uns von anderen Verb\u00e4nden professioneller Fremdenf\u00fchrer unterscheidet<\/p>\n\n\n\n<p>Alle unsere Mitarbeiter haben die von der zust\u00e4ndigen Beh\u00f6rde ausgestellte offizielle Fremdenf\u00fchrerkarte und sind im autonomen Sozialversicherungssystem registriert. Sie zahlen ihre Steuern in Spanien, abh\u00e4ngig von den in Spanien und in der Europ\u00e4ischen Union geltenden Gesetzen . Unser Durchschnittsalter betr\u00e4gt 41 Jahre, wir sind erfahren, wir sind jung und wir nutzen alle Vorteile, die neue Technologien bieten.<\/p>\n\n\n\n<p>AGP M\u00e1laga Cultural ist im Register der Berufsverb\u00e4nde der Fremdenf\u00fchrer als Zivilverband in der Junta de Andaluc\u00eda eingetragen, hat eine juristische Person und einen eigenen Sitz in der Hauptstadt von M\u00e1laga. Es ist eine nichtstaatliche, gemeinn\u00fctzige Organisation, deren Partner sich freiwillig registrieren lassen.<\/p>\n\n\n\n<p>AGP M\u00e1laga Cultural ist ein Symbol, das den Beruf des Fremdenf\u00fchrers auszeichnet, zur St\u00e4rkung seiner sozialen und beruflichen Bindungen beitr\u00e4gt und die Arbeit in allen seinen Bereichen repr\u00e4sentiert. Wir lieben unser Land, wir lieben, was wir tun, und wir m\u00f6chten die gleiche Leidenschaft an diejenigen weitergeben, die uns besuchen<\/p>\n\n\n\n<p>AGP M\u00e1laga Cultural stellt Ihnen die dazugeh\u00f6rigen Reiseleiter zur Verf\u00fcgung, um unsere Stadt oder Provinz durch die Hand der wahren Tourismusfachleute zu genie\u00dfen und zu leben. Wir f\u00fchren Sie nicht nur, sondern helfen Ihnen, ein Erlebnis in unserer Stadt zu &#8222;leben&#8220;<\/p>\n\n\n\n<p>AGP M\u00e1laga Cultural bietet alle Arten von Touren an, um das historische M\u00e1laga, das monumentale M\u00e1laga, M\u00e1laga und seine Museen, Tapas-Routen, M\u00e1laga mit Flamenco sowie Ronda, Antequera, Marbella, Nerja, Mijas usw. kennenzulernen<\/p>\n\n\n\n<p>Sagen Sie uns einfach, was Sie besuchen m\u00f6chten und wir planen alles<\/p>\n\n\n\n<div class=\"wp-block-image\"><figure class=\"aligncenter\"><a href=\"http:\/\/agpmalagacultural.es\/wp-content\/uploads\/2015\/02\/12265729_10153785395761719_8773416152954183222_o.jpg\"><img loading=\"lazy\" decoding=\"async\" width=\"2048\" height=\"1138\" src=\"http:\/\/agpmalagacultural.es\/wp-content\/uploads\/2015\/02\/12265729_10153785395761719_8773416152954183222_o.jpg\" alt=\"12265729_10153785395761719_8773416152954183222_o\" class=\"wp-image-82\" srcset=\"https:\/\/agpmalagacultural.es\/wp-content\/uploads\/2015\/02\/12265729_10153785395761719_8773416152954183222_o.jpg 2048w, https:\/\/agpmalagacultural.es\/wp-content\/uploads\/2015\/02\/12265729_10153785395761719_8773416152954183222_o-300x167.jpg 300w, https:\/\/agpmalagacultural.es\/wp-content\/uploads\/2015\/02\/12265729_10153785395761719_8773416152954183222_o-768x427.jpg 768w, https:\/\/agpmalagacultural.es\/wp-content\/uploads\/2015\/02\/12265729_10153785395761719_8773416152954183222_o-1024x569.jpg 1024w\" sizes=\"(max-width: 2048px) 100vw, 2048px\" \/><\/a><\/figure><\/div>\n\n\n\n<div class=\"wp-block-image\"><figure class=\"aligncenter\"><a href=\"http:\/\/agpmalagacultural.es\/wp-content\/uploads\/2017\/03\/GUIAS-DE-TURISMO-II.jpg\"><img loading=\"lazy\" decoding=\"async\" width=\"771\" height=\"370\" src=\"http:\/\/agpmalagacultural.es\/wp-content\/uploads\/2017\/03\/GUIAS-DE-TURISMO-II.jpg\" alt=\"\" class=\"wp-image-119\" srcset=\"https:\/\/agpmalagacultural.es\/wp-content\/uploads\/2017\/03\/GUIAS-DE-TURISMO-II.jpg 771w, https:\/\/agpmalagacultural.es\/wp-content\/uploads\/2017\/03\/GUIAS-DE-TURISMO-II-300x144.jpg 300w, https:\/\/agpmalagacultural.es\/wp-content\/uploads\/2017\/03\/GUIAS-DE-TURISMO-II-768x369.jpg 768w\" sizes=\"(max-width: 771px) 100vw, 771px\" \/><\/a><\/figure><\/div>\n","protected":false},"excerpt":{"rendered":"<p>AGP M\u00e1laga Cultural (Verband der professionellen Reisef\u00fchrer M\u00e1laga Cultural) ist der im Jahr 2015 gegr\u00fcndete Verband der Tourismusf\u00fchrer von M\u00e1laga. Er ist aus dem Anliegen erfahrener professioneller Reiseleiter hervorgegangen, um das k\u00fcnstlerisch &#8211; kulturelle Erbe des Landes zu w\u00fcrdigen Stadt und Provinz M\u00e1laga, Ausweitung unseres T\u00e4tigkeitsbereichs auf Andalusien, Spanien und die \u00fcbrigen L\u00e4nder der Europ\u00e4ischen [&hellip;]<\/p>\n","protected":false},"author":1,"featured_media":0,"parent":0,"menu_order":0,"comment_status":"closed","ping_status":"closed","template":"","meta":{"footnotes":""},"_links":{"self":[{"href":"https:\/\/agpmalagacultural.es\/de\/wp-json\/wp\/v2\/pages\/184"}],"collection":[{"href":"https:\/\/agpmalagacultural.es\/de\/wp-json\/wp\/v2\/pages"}],"about":[{"href":"https:\/\/agpmalagacultural.es\/de\/wp-json\/wp\/v2\/types\/page"}],"author":[{"embeddable":true,"href":"https:\/\/agpmalagacultural.es\/de\/wp-json\/wp\/v2\/users\/1"}],"replies":[{"embeddable":true,"href":"https:\/\/agpmalagacultural.es\/de\/wp-json\/wp\/v2\/comments?post=184"}],"version-history":[{"count":1,"href":"https:\/\/agpmalagacultural.es\/de\/wp-json\/wp\/v2\/pages\/184\/revisions"}],"predecessor-version":[{"id":185,"href":"https:\/\/agpmalagacultural.es\/de\/wp-json\/wp\/v2\/pages\/184\/revisions\/185"}],"wp:attachment":[{"href":"https:\/\/agpmalagacultural.es\/de\/wp-json\/wp\/v2\/media?parent=184"}],"curies":[{"name":"wp","href":"https:\/\/api.w.org\/{rel}","templated":true}]}}