{"id":214,"date":"2019-12-10T11:27:19","date_gmt":"2019-12-10T10:27:19","guid":{"rendered":"http:\/\/agpmalagacultural.es\/?page_id=214"},"modified":"2019-12-10T11:27:22","modified_gmt":"2019-12-10T10:27:22","slug":"der-reiseleiter-des-21-jahrhunderts","status":"publish","type":"page","link":"https:\/\/agpmalagacultural.es\/de\/","title":{"rendered":"Der Reiseleiter des 21. Jahrhunderts"},"content":{"rendered":"<p>Die Kunst, &#8222;viva voce&#8220; oder &#8222;live voice&#8220; zu leiten, impliziert die Verwendung des menschlichen K\u00f6rpers mit all seinen Ausdrucksm\u00f6glichkeiten. Es ist die Kommunikation zwischen einem Fremdenf\u00fchrer und Touristen.<\/p>\n<p>Der Leitfaden vermittelt eine klare und interessante Botschaft mit Erkl\u00e4rungen ohne politische Absicht oder Diskriminierung. aber mit Inhalt, mit Wahrhaftigkeit, mit gutem Ausdruck, mit Interesse und Motivation. Dieser Austausch erm\u00f6glicht ein gutes Verst\u00e4ndnis und Verst\u00e4ndnis f\u00fcr die Kultur oder touristische Ressource des besuchten Ortes, so dass der Besucher zu einem begeisterten Diffusor wird.<\/p>\n<p>Wenn der Leitfaden dies nicht generiert, besteht bei allen Anstrengungen, die w\u00e4hrend der Verkaufsf\u00f6rderung und des Verkaufs des touristischen Produkts unternommen werden, die ernsthafte Gefahr, verschwendet zu werden, und noch schlimmer, die Vermehrung m\u00f6glicher neuer Besucher zu verlieren.<\/p>\n<p>Die Kunst des F\u00fchrens wechselt lange und durchdachte Erkl\u00e4rungen mit anderen kurzen und einfachen ab, um dem Touristen zu helfen, ihn als Gast zu verstehen, zu begr\u00fc\u00dfen und zu ehren, und um ihm alle Manifestationen der Kultur der lokalen Bev\u00f6lkerung n\u00e4her zu bringen. Dies ist genau die Herausforderung des Tourismusf\u00fchrers, die W\u00e4nde zum Sprechen zu bringen, um ihre Geschichte zu erz\u00e4hlen. Seine berufliche Ausbildung, seine eigenen Erfahrungen, erg\u00e4nzt durch die st\u00e4ndige Weiterbildung in den erforderlichen Bereichen und die seiner Pr\u00e4ferenz, machen ihn zum notwendigen Wirbelsturm f\u00fcr ein Endprodukt mit hervorragender Qualit\u00e4t.<\/p>\n<p>Die Rolle und Funktion des Tourismusf\u00fchrers besteht darin, Besucher willkommen zu hei\u00dfen, zu organisieren, zu informieren und zu unterhalten. Die FEG (EUROPEAN FEDERATION OF ASSOCIATIONS OF GUIDES) definiert die Rolle des Leitfadens als: &#8222;F\u00fchren und f\u00fchren Sie den Besucher (in der Sprache, in der er ihn angefordert hat) \u00fcber die betreffende Attraktion und interpretieren Sie die Kultur selbst.&#8220;<\/p>\n<p>Sie f\u00fcgen hinzu: &#8222;Die Aufgabe des Leitfadens besteht darin, Gruppen oder Menschen zu f\u00fchren, ihnen Denkm\u00e4ler, Museen und Orte zu zeigen, eine allgemeine Einf\u00fchrung in das besuchte Gebiet zu geben oder einen bestimmten oder thematischen Besuch durchzuf\u00fchren.&#8220;<\/p>\n<p>Der Guide ist eine freundliche Person mit einer angenehmen Pers\u00f6nlichkeit, die das Interesse weckt, seine Gesellschaft zu genie\u00dfen. Er wei\u00df, wie man sein Temperament kontrolliert, l\u00e4chelt und h\u00f6flich ist. Seine Art zu sprechen ist klar, gem\u00e4chlich, er benutzt die passenden und nicht vulg\u00e4ren W\u00f6rter, was im Falle des Sprechens einer Fremdsprache so flie\u00dfend ist.<\/p>\n<p>Der Leitfaden garantiert Service, Aufmerksamkeit und Professionalit\u00e4t. Es zeigt ein Bild, das wir t\u00e4glich sch\u00e4tzen, respektieren und durchsetzen, bekannt machen und bei allen \u00f6ffentlichen oder privaten Tourismusveranstaltungen ber\u00fccksichtigen. Diejenigen, die in diesem Beruf t\u00e4tig sind, ohne die ihnen entsprechenden Geb\u00fchren zu erheben, um ihre Gewinne auf Kosten von Provisionen oder Fahrgastvorteilen zu erzielen, sollten nicht als Fremdenf\u00fchrer betrachtet werden.<\/p>\n<p>Der Leitfaden ist das sichtbare Bild einer Agentur, der erste Kontakt und wahrscheinlich der letzte. Die Bedeutung seiner Pr\u00e4senz und seines guten Images ist von grundlegender Bedeutung, da er im Ged\u00e4chtnis der Besucher verborgen bleibt.<\/p>\n<p>Ihr Guide muss eine von der zust\u00e4ndigen Beh\u00f6rde erteilte Lizenz haben, heute ist es die Tourismusabteilung der Junta de Andaluc\u00eda. Die Mitglieder dieser Vereinigung haben auch die Berechtigung, sie zu individualisieren. Zu Ihrer Sicherheit legen wir Ihnen ein Muster bei.<\/p>\n<p>Der Tourismusf\u00fchrer bietet:<\/p>\n<ul>\n<li>Ein professioneller, sorgf\u00e4ltiger und engagierter Service.<br \/>\nObjektive Information, frei von Vorurteilen und Propaganda<\/li>\n<li>Zuverl\u00e4ssige und wahre Informationen, die sich von ihren Meinungen, von anekdotischen Daten oder von Geschichten unterscheiden, die aus volkst\u00fcmlichen Traditionen und Legenden stammen<\/li>\n<li>Achten Sie auch darauf, dass jeder Besucher das von ihm besuchte Gebiet (Denkm\u00e4ler, Sehensw\u00fcrdigkeiten und \u00f6rtliche Br\u00e4uche) respektiert<\/li>\n<li>\u00dcberwacht die geplante Reiseroute und stellt sicher, dass alle Programmleistungen erbracht werden<\/li>\n<li>Achten Sie auf den Komfort und die Sicherheit der Passagiere<\/li>\n<li>Bietet alle n\u00f6tige Unterst\u00fctzung im Falle von Schwierigkeiten und \/ oder Notf\u00e4llen.<\/li>\n<\/ul>\n","protected":false},"excerpt":{"rendered":"<p>Die Kunst, &#8222;viva voce&#8220; oder &#8222;live voice&#8220; zu leiten, impliziert die Verwendung des menschlichen K\u00f6rpers mit all seinen Ausdrucksm\u00f6glichkeiten. Es ist die Kommunikation zwischen einem Fremdenf\u00fchrer und Touristen. Der Leitfaden vermittelt eine klare und interessante Botschaft mit Erkl\u00e4rungen ohne politische Absicht oder Diskriminierung. aber mit Inhalt, mit Wahrhaftigkeit, mit gutem Ausdruck, mit Interesse und Motivation. [&hellip;]<\/p>\n","protected":false},"author":1,"featured_media":0,"parent":0,"menu_order":0,"comment_status":"closed","ping_status":"closed","template":"","meta":{"footnotes":""},"_links":{"self":[{"href":"https:\/\/agpmalagacultural.es\/de\/wp-json\/wp\/v2\/pages\/214"}],"collection":[{"href":"https:\/\/agpmalagacultural.es\/de\/wp-json\/wp\/v2\/pages"}],"about":[{"href":"https:\/\/agpmalagacultural.es\/de\/wp-json\/wp\/v2\/types\/page"}],"author":[{"embeddable":true,"href":"https:\/\/agpmalagacultural.es\/de\/wp-json\/wp\/v2\/users\/1"}],"replies":[{"embeddable":true,"href":"https:\/\/agpmalagacultural.es\/de\/wp-json\/wp\/v2\/comments?post=214"}],"version-history":[{"count":1,"href":"https:\/\/agpmalagacultural.es\/de\/wp-json\/wp\/v2\/pages\/214\/revisions"}],"predecessor-version":[{"id":215,"href":"https:\/\/agpmalagacultural.es\/de\/wp-json\/wp\/v2\/pages\/214\/revisions\/215"}],"wp:attachment":[{"href":"https:\/\/agpmalagacultural.es\/de\/wp-json\/wp\/v2\/media?parent=214"}],"curies":[{"name":"wp","href":"https:\/\/api.w.org\/{rel}","templated":true}]}}