{"id":265,"date":"2019-12-10T11:47:46","date_gmt":"2019-12-10T10:47:46","guid":{"rendered":"http:\/\/agpmalagacultural.es\/?page_id=265"},"modified":"2019-12-10T12:12:32","modified_gmt":"2019-12-10T11:12:32","slug":"zeitungswesen","status":"publish","type":"page","link":"https:\/\/agpmalagacultural.es\/de\/zeitungswesen\/","title":{"rendered":"Zeitungswesen"},"content":{"rendered":"<p><a href=\"http:\/\/agpmalagacultural.es\/wp-content\/uploads\/2015\/03\/IMG-20170119-WA0006.jpg\"><img loading=\"lazy\" decoding=\"async\" class=\" wp-image-114\" src=\"http:\/\/agpmalagacultural.es\/wp-content\/uploads\/2015\/03\/IMG-20170119-WA0006.jpg\" alt=\"\" width=\"282\" height=\"501\" srcset=\"https:\/\/agpmalagacultural.es\/wp-content\/uploads\/2015\/03\/IMG-20170119-WA0006.jpg 900w, https:\/\/agpmalagacultural.es\/wp-content\/uploads\/2015\/03\/IMG-20170119-WA0006-169x300.jpg 169w, https:\/\/agpmalagacultural.es\/wp-content\/uploads\/2015\/03\/IMG-20170119-WA0006-768x1365.jpg 768w, https:\/\/agpmalagacultural.es\/wp-content\/uploads\/2015\/03\/IMG-20170119-WA0006-576x1024.jpg 576w\" sizes=\"(max-width: 282px) 100vw, 282px\" \/><\/a><br \/>\n<span style=\"font-size: inherit;\">AGP M\u00e1laga Cultural in Fitur 2017<\/span>In diesem Bereich k\u00f6nnen Sie auf alle Informationen zugreifen, die in den Medien \u00fcber uns ver\u00f6ffentlicht wurden:<\/p>\n<p>Online und schriftliche Presse<\/p>\n\n\t\t<style type=\"text\/css\">\n\t\t\t#gallery-1 {\n\t\t\t\tmargin: auto;\n\t\t\t}\n\t\t\t#gallery-1 .gallery-item {\n\t\t\t\tfloat: left;\n\t\t\t\tmargin-top: 10px;\n\t\t\t\ttext-align: center;\n\t\t\t\twidth: 33%;\n\t\t\t}\n\t\t\t#gallery-1 img {\n\t\t\t\tborder: 2px solid #cfcfcf;\n\t\t\t}\n\t\t\t#gallery-1 .gallery-caption {\n\t\t\t\tmargin-left: 0;\n\t\t\t}\n\t\t\t\/* see gallery_shortcode() in wp-includes\/media.php *\/\n\t\t<\/style>\n\t\t<div id='gallery-1' class='gallery galleryid-265 gallery-columns-3 gallery-size-large'><dl class='gallery-item'>\n\t\t\t<dt class='gallery-icon landscape'>\n\t\t\t\t<a href='https:\/\/agpmalagacultural.es\/de\/zeitungswesen\/el_pimpi_-_fotos_de_la_biografia\/'><img loading=\"lazy\" decoding=\"async\" width=\"738\" height=\"610\" src=\"https:\/\/agpmalagacultural.es\/wp-content\/uploads\/2015\/03\/El_pimpi_-_Fotos_de_la_biograf\u00eda.jpg\" class=\"attachment-large size-large no-lazy\" alt=\"\" srcset=\"https:\/\/agpmalagacultural.es\/wp-content\/uploads\/2015\/03\/El_pimpi_-_Fotos_de_la_biograf\u00eda.jpg 738w, https:\/\/agpmalagacultural.es\/wp-content\/uploads\/2015\/03\/El_pimpi_-_Fotos_de_la_biograf\u00eda-300x248.jpg 300w\" sizes=\"(max-width: 738px) 100vw, 738px\" \/><\/a>\n\t\t\t<\/dt><\/dl><dl class='gallery-item'>\n\t\t\t<dt class='gallery-icon portrait'>\n\t\t\t\t<a href='https:\/\/agpmalagacultural.es\/de\/zeitungswesen\/11050111_10152814889173790_2784560466059562797_o\/'><img loading=\"lazy\" decoding=\"async\" width=\"729\" height=\"960\" src=\"https:\/\/agpmalagacultural.es\/wp-content\/uploads\/2015\/03\/11050111_10152814889173790_2784560466059562797_o.jpg\" class=\"attachment-large size-large no-lazy\" alt=\"\" srcset=\"https:\/\/agpmalagacultural.es\/wp-content\/uploads\/2015\/03\/11050111_10152814889173790_2784560466059562797_o.jpg 729w, https:\/\/agpmalagacultural.es\/wp-content\/uploads\/2015\/03\/11050111_10152814889173790_2784560466059562797_o-228x300.jpg 228w\" sizes=\"(max-width: 729px) 100vw, 729px\" \/><\/a>\n\t\t\t<\/dt><\/dl><dl class='gallery-item'>\n\t\t\t<dt class='gallery-icon landscape'>\n\t\t\t\t<a href='https:\/\/agpmalagacultural.es\/de\/zeitungswesen\/1484676_792843337436814_5919909229856283678_n\/'><img loading=\"lazy\" decoding=\"async\" width=\"960\" height=\"720\" src=\"https:\/\/agpmalagacultural.es\/wp-content\/uploads\/2015\/03\/1484676_792843337436814_5919909229856283678_n.jpg\" class=\"attachment-large size-large no-lazy\" alt=\"\" srcset=\"https:\/\/agpmalagacultural.es\/wp-content\/uploads\/2015\/03\/1484676_792843337436814_5919909229856283678_n.jpg 960w, https:\/\/agpmalagacultural.es\/wp-content\/uploads\/2015\/03\/1484676_792843337436814_5919909229856283678_n-300x225.jpg 300w\" sizes=\"(max-width: 960px) 100vw, 960px\" \/><\/a>\n\t\t\t<\/dt><\/dl><br style=\"clear: both\" \/><dl class='gallery-item'>\n\t\t\t<dt class='gallery-icon portrait'>\n\t\t\t\t<a href='https:\/\/agpmalagacultural.es\/de\/zeitungswesen\/10432487_774094469325359_1556880264117902390_n\/'><img loading=\"lazy\" decoding=\"async\" width=\"720\" height=\"960\" src=\"https:\/\/agpmalagacultural.es\/wp-content\/uploads\/2015\/03\/10432487_774094469325359_1556880264117902390_n.jpg\" class=\"attachment-large size-large no-lazy\" alt=\"\" srcset=\"https:\/\/agpmalagacultural.es\/wp-content\/uploads\/2015\/03\/10432487_774094469325359_1556880264117902390_n.jpg 720w, https:\/\/agpmalagacultural.es\/wp-content\/uploads\/2015\/03\/10432487_774094469325359_1556880264117902390_n-225x300.jpg 225w\" sizes=\"(max-width: 720px) 100vw, 720px\" \/><\/a>\n\t\t\t<\/dt><\/dl><dl class='gallery-item'>\n\t\t\t<dt class='gallery-icon landscape'>\n\t\t\t\t<a href='https:\/\/agpmalagacultural.es\/de\/zeitungswesen\/soho_malaga_barrio_de_las_artes\/'><img loading=\"lazy\" decoding=\"async\" width=\"1024\" height=\"486\" src=\"https:\/\/agpmalagacultural.es\/wp-content\/uploads\/2015\/03\/SOHO_MALAGA_BARRIO_DE_LAS_ARTES-1024x486.jpg\" class=\"attachment-large size-large no-lazy\" alt=\"\" srcset=\"https:\/\/agpmalagacultural.es\/wp-content\/uploads\/2015\/03\/SOHO_MALAGA_BARRIO_DE_LAS_ARTES-1024x486.jpg 1024w, https:\/\/agpmalagacultural.es\/wp-content\/uploads\/2015\/03\/SOHO_MALAGA_BARRIO_DE_LAS_ARTES-300x142.jpg 300w, https:\/\/agpmalagacultural.es\/wp-content\/uploads\/2015\/03\/SOHO_MALAGA_BARRIO_DE_LAS_ARTES.jpg 1229w\" sizes=\"(max-width: 1024px) 100vw, 1024px\" \/><\/a>\n\t\t\t<\/dt><\/dl>\n\t\t\t<br style='clear: both' \/>\n\t\t<\/div>\n\n","protected":false},"excerpt":{"rendered":"<p>AGP M\u00e1laga Cultural in Fitur 2017In diesem Bereich k\u00f6nnen Sie auf alle Informationen zugreifen, die in den Medien \u00fcber uns ver\u00f6ffentlicht wurden: Online und schriftliche Presse<\/p>\n","protected":false},"author":1,"featured_media":0,"parent":0,"menu_order":0,"comment_status":"closed","ping_status":"closed","template":"","meta":{"footnotes":""},"_links":{"self":[{"href":"https:\/\/agpmalagacultural.es\/de\/wp-json\/wp\/v2\/pages\/265"}],"collection":[{"href":"https:\/\/agpmalagacultural.es\/de\/wp-json\/wp\/v2\/pages"}],"about":[{"href":"https:\/\/agpmalagacultural.es\/de\/wp-json\/wp\/v2\/types\/page"}],"author":[{"embeddable":true,"href":"https:\/\/agpmalagacultural.es\/de\/wp-json\/wp\/v2\/users\/1"}],"replies":[{"embeddable":true,"href":"https:\/\/agpmalagacultural.es\/de\/wp-json\/wp\/v2\/comments?post=265"}],"version-history":[{"count":2,"href":"https:\/\/agpmalagacultural.es\/de\/wp-json\/wp\/v2\/pages\/265\/revisions"}],"predecessor-version":[{"id":315,"href":"https:\/\/agpmalagacultural.es\/de\/wp-json\/wp\/v2\/pages\/265\/revisions\/315"}],"wp:attachment":[{"href":"https:\/\/agpmalagacultural.es\/de\/wp-json\/wp\/v2\/media?parent=265"}],"curies":[{"name":"wp","href":"https:\/\/api.w.org\/{rel}","templated":true}]}}