{"id":180,"date":"2019-12-10T11:00:21","date_gmt":"2019-12-10T10:00:21","guid":{"rendered":"http:\/\/agpmalagacultural.es\/?page_id=180"},"modified":"2019-12-10T11:39:10","modified_gmt":"2019-12-10T10:39:10","slug":"qui-sommes-nous","status":"publish","type":"page","link":"https:\/\/agpmalagacultural.es\/fr\/qui-sommes-nous\/","title":{"rendered":"Qui sommes nous"},"content":{"rendered":"<p style=\"text-align: justify;\">AGP M\u00e1laga Cultural (Association des guides professionnels M\u00e1laga Cultural) est l&rsquo;Association des guides touristiques de Malaga cr\u00e9\u00e9e en 2015. Elle est n\u00e9e du souci de guides touristiques professionnels exp\u00e9riment\u00e9s dans le but de valoriser le patrimoine artistique et culturel de la ville et la province de Malaga, \u00e9tendant notre champ d&rsquo;activit\u00e9 \u00e0 l&rsquo;Andalousie, \u00e0 l&rsquo;Espagne et au reste des pays de l&rsquo;Union europ\u00e9enne. Nous sommes anim\u00e9s par la qualit\u00e9, la transversalit\u00e9 et le professionnalisme, devenant les piliers fondamentaux de notre association. Nous avons un code d&rsquo;\u00e9thique de bonne conduite avec les fournisseurs et les clients unique en Espagne, qui nous distingue des autres associations de guide du tourisme professionnel<\/p>\n<p style=\"text-align: justify;\">Tous nos associ\u00e9s ont la carte de guide touristique officielle d\u00e9livr\u00e9e par l&rsquo;autorit\u00e9 comp\u00e9tente ainsi que sont enregistr\u00e9s dans le r\u00e9gime autonome de la s\u00e9curit\u00e9 sociale, payant leurs imp\u00f4ts en Espagne, selon la loi en vigueur en Espagne et dans l&rsquo;Union europ\u00e9enne . Notre \u00e2ge moyen est de 41 ans, nous sommes exp\u00e9riment\u00e9s, nous sommes jeunes et nous utilisons tous les avantages offerts par les nouvelles technologies<\/p>\n<p style=\"text-align: justify;\">AGP M\u00e1laga Cultural est inscrite au registre des associations professionnelles de guides touristiques en tant qu&rsquo;association civile enregistr\u00e9e dans la Junta de Andaluc\u00eda, elle a une entit\u00e9 juridique et son propre si\u00e8ge dans la capitale de M\u00e1laga. Il s&rsquo;agit d&rsquo;une organisation non gouvernementale \u00e0 but non lucratif dont les partenaires s&rsquo;inscrivent volontairement<\/p>\n<p style=\"text-align: justify;\">AGP M\u00e1laga Cultural est un symbole qui identifie la profession de guide touristique, contribue \u00e0 renforcer ses liens sociaux et professionnels et \u00e0 repr\u00e9senter le travail dans tous ses domaines. Nous aimons notre terre, nous aimons ce que nous faisons et nous voulons transmettre cette m\u00eame passion \u00e0 ceux qui nous visitent<\/p>\n<p style=\"text-align: justify;\">AGP M\u00e1laga Cultural met ses guides associ\u00e9s \u00e0 votre disposition pour profiter et vivre notre ville ou province par la main de vrais professionnels du tourisme; Non seulement nous vous guidons mais nous vous aidons \u00e0 \u00ab\u00a0vivre\u00a0\u00bb une exp\u00e9rience dans notre ville<\/p>\n<p style=\"text-align: justify;\">AGP M\u00e1laga Cultural propose toutes sortes de visites pour d\u00e9couvrir la ville historique de Malaga, la Malaga monumentale, Malaga et ses mus\u00e9es, les routes des tapas, Malaga avec le flamenco ainsi que Ronda, Antequera, Marbella, Nerja, Mijas, etc &#8230;<\/p>\n<p style=\"text-align: justify;\">Vous n&rsquo;avez qu&rsquo;\u00e0 nous dire ce que vous voulez visiter et nous planifierons tout<\/p>\n<p style=\"text-align: justify;\"><a href=\"http:\/\/agpmalagacultural.es\/wp-content\/uploads\/2015\/02\/12265729_10153785395761719_8773416152954183222_o.jpg\" rel=\"attachment wp-att-82\"><img loading=\"lazy\" decoding=\"async\" class=\" wp-image-82 aligncenter\" src=\"http:\/\/agpmalagacultural.es\/wp-content\/uploads\/2015\/02\/12265729_10153785395761719_8773416152954183222_o.jpg\" alt=\"12265729_10153785395761719_8773416152954183222_o\" width=\"495\" height=\"275\" srcset=\"https:\/\/agpmalagacultural.es\/wp-content\/uploads\/2015\/02\/12265729_10153785395761719_8773416152954183222_o.jpg 2048w, https:\/\/agpmalagacultural.es\/wp-content\/uploads\/2015\/02\/12265729_10153785395761719_8773416152954183222_o-300x167.jpg 300w, https:\/\/agpmalagacultural.es\/wp-content\/uploads\/2015\/02\/12265729_10153785395761719_8773416152954183222_o-768x427.jpg 768w, https:\/\/agpmalagacultural.es\/wp-content\/uploads\/2015\/02\/12265729_10153785395761719_8773416152954183222_o-1024x569.jpg 1024w\" sizes=\"(max-width: 495px) 100vw, 495px\" \/><\/a><\/p>\n<p style=\"text-align: justify;\"><a href=\"http:\/\/agpmalagacultural.es\/wp-content\/uploads\/2017\/03\/GUIAS-DE-TURISMO-II.jpg\"><img loading=\"lazy\" decoding=\"async\" class=\"wp-image-119 aligncenter\" src=\"http:\/\/agpmalagacultural.es\/wp-content\/uploads\/2017\/03\/GUIAS-DE-TURISMO-II.jpg\" alt=\"\" width=\"500\" height=\"240\" srcset=\"https:\/\/agpmalagacultural.es\/wp-content\/uploads\/2017\/03\/GUIAS-DE-TURISMO-II.jpg 771w, https:\/\/agpmalagacultural.es\/wp-content\/uploads\/2017\/03\/GUIAS-DE-TURISMO-II-300x144.jpg 300w, https:\/\/agpmalagacultural.es\/wp-content\/uploads\/2017\/03\/GUIAS-DE-TURISMO-II-768x369.jpg 768w\" sizes=\"(max-width: 500px) 100vw, 500px\" \/><\/a><\/p>\n","protected":false},"excerpt":{"rendered":"<p>AGP M\u00e1laga Cultural (Association des guides professionnels M\u00e1laga Cultural) est l&rsquo;Association des guides touristiques de Malaga cr\u00e9\u00e9e en 2015. Elle est n\u00e9e du souci de guides touristiques professionnels exp\u00e9riment\u00e9s dans le but de valoriser le patrimoine artistique et culturel de la ville et la province de Malaga, \u00e9tendant notre champ d&rsquo;activit\u00e9 \u00e0 l&rsquo;Andalousie, \u00e0 l&rsquo;Espagne [&hellip;]<\/p>\n","protected":false},"author":1,"featured_media":0,"parent":0,"menu_order":0,"comment_status":"closed","ping_status":"closed","template":"","meta":{"footnotes":""},"_links":{"self":[{"href":"https:\/\/agpmalagacultural.es\/fr\/wp-json\/wp\/v2\/pages\/180"}],"collection":[{"href":"https:\/\/agpmalagacultural.es\/fr\/wp-json\/wp\/v2\/pages"}],"about":[{"href":"https:\/\/agpmalagacultural.es\/fr\/wp-json\/wp\/v2\/types\/page"}],"author":[{"embeddable":true,"href":"https:\/\/agpmalagacultural.es\/fr\/wp-json\/wp\/v2\/users\/1"}],"replies":[{"embeddable":true,"href":"https:\/\/agpmalagacultural.es\/fr\/wp-json\/wp\/v2\/comments?post=180"}],"version-history":[{"count":2,"href":"https:\/\/agpmalagacultural.es\/fr\/wp-json\/wp\/v2\/pages\/180\/revisions"}],"predecessor-version":[{"id":236,"href":"https:\/\/agpmalagacultural.es\/fr\/wp-json\/wp\/v2\/pages\/180\/revisions\/236"}],"wp:attachment":[{"href":"https:\/\/agpmalagacultural.es\/fr\/wp-json\/wp\/v2\/media?parent=180"}],"curies":[{"name":"wp","href":"https:\/\/api.w.org\/{rel}","templated":true}]}}