{"id":216,"date":"2019-12-10T11:29:01","date_gmt":"2019-12-10T10:29:01","guid":{"rendered":"http:\/\/agpmalagacultural.es\/?page_id=216"},"modified":"2019-12-10T11:29:03","modified_gmt":"2019-12-10T10:29:03","slug":"le-guide-touristique-du-xxie-siecle","status":"publish","type":"page","link":"https:\/\/agpmalagacultural.es\/fr\/","title":{"rendered":"Le guide touristique du XXIe si\u00e8cle"},"content":{"rendered":"<p>L&rsquo;art de guider \u00ab\u00a0viva voce\u00a0\u00bb ou \u00ab\u00a0live voice\u00a0\u00bb implique l&rsquo;utilisation du corps humain avec toutes ses capacit\u00e9s d&rsquo;expression. C&rsquo;est la communication entre un guide touristique et les touristes.<\/p>\n<p>Le Guide transmet un message d&rsquo;une mani\u00e8re claire et int\u00e9ressante, avec des explications sans intention politique ni discrimination; mais avec du contenu, de la v\u00e9racit\u00e9, de la bonne expression, de l&rsquo;int\u00e9r\u00eat et de la motivation. Cet \u00e9change permet une bonne compr\u00e9hension et appr\u00e9ciation de la culture ou de la ressource touristique du lieu visit\u00e9, afin que le visiteur devienne un diffuseur enthousiaste.<\/p>\n<p>Si le Guide ne g\u00e9n\u00e8re pas cela, tous les efforts d\u00e9ploy\u00e9s lors de la promotion et de la vente du produit touristique risquent s\u00e9rieusement d&rsquo;\u00eatre gaspill\u00e9s et, pire encore, de perdre la multiplication d&rsquo;\u00e9ventuels nouveaux visiteurs.<\/p>\n<p>L&rsquo;art de guider alterne des explications longues et r\u00e9fl\u00e9chies avec d&rsquo;autres explications courtes et faciles pour aider le touriste \u00e0 le comprendre, l&rsquo;accueillir et l&rsquo;honorer en tant qu&rsquo;invit\u00e9, le rapprochant de toutes les manifestations de la culture de la population locale. C&rsquo;est pr\u00e9cis\u00e9ment le d\u00e9fi du Guide du Tourisme, faire parler les murs pour raconter leur histoire. Par cons\u00e9quent, sa formation professionnelle, sa propre exp\u00e9rience, ajout\u00e9e \u00e0 la formation continue dans les domaines n\u00e9cessaires et \u00e0 ceux de sa pr\u00e9f\u00e9rence, feront de lui le cyclone n\u00e9cessaire d&rsquo;un produit final d&rsquo;excellente qualit\u00e9.<\/p>\n<p>Le r\u00f4le et la fonction du guide touristique est d&rsquo;accueillir, d&rsquo;organiser, d&rsquo;informer et de divertir les visiteurs. La FEG (F\u00c9D\u00c9RATION EUROP\u00c9ENNE DES ASSOCIATIONS DE GUIDES), d\u00e9finit le r\u00f4le du Guide comme: \u00ab\u00a0guider et guider le visiteur (dans la langue dans laquelle il l&rsquo;a demand\u00e9) sur l&rsquo;attraction en question, en interpr\u00e9tant la culture elle-m\u00eame.\u00a0\u00bb<\/p>\n<p>Ils ajoutent, \u00able r\u00f4le du Guide est d&rsquo;animer des groupes ou des personnes, en leur montrant des monuments, des mus\u00e9es et des sites d&rsquo;un lieu, en donnant une introduction g\u00e9n\u00e9rale de la zone visit\u00e9e ou en effectuant une visite sp\u00e9cifique ou th\u00e9matique\u00bb.<\/p>\n<p>Le Guide est une personne gentille, avec une personnalit\u00e9 agr\u00e9able qui suscite l&rsquo;int\u00e9r\u00eat de profiter de son entreprise. Il sait contr\u00f4ler son temp\u00e9rament, \u00eatre souriant et poli. Sa fa\u00e7on de parler est claire, tranquille, il utilise les mots appropri\u00e9s et non vulgaires, ce qui dans le cas d&rsquo;une langue \u00e9trang\u00e8re le fait couramment.<\/p>\n<p>Le Guide garantit service, attention et professionnalisme. Il montre une image que nous essayons de valoriser au quotidien, de la respecter et de la faire respecter, de la faire conna\u00eetre et de la garder \u00e0 l&rsquo;esprit lors de tous les \u00e9v\u00e9nements touristiques, publics ou priv\u00e9s. Ceux qui exercent cette profession sans facturer les frais qui leur correspondent en obtenant leurs b\u00e9n\u00e9fices au d\u00e9triment des commissions ou des faveurs des passagers, ne doivent pas \u00eatre consid\u00e9r\u00e9s comme des guides touristiques.<\/p>\n<p>Le Guide \u00e9tant l&rsquo;image visible d&rsquo;une agence, le premier contact et probablement le dernier, l&rsquo;importance de sa pr\u00e9sence et de sa bonne image est fondamentale car il restera latent dans la m\u00e9moire des visiteurs.<\/p>\n<p>Votre guide doit avoir une licence d\u00e9livr\u00e9e par l&rsquo;autorit\u00e9 comp\u00e9tente, aujourd&rsquo;hui c&rsquo;est le D\u00e9partement du Tourisme de la Junta de Andaluc\u00eda. Ceux qui appartiennent \u00e0 cette Association ont \u00e9galement le titre qui les individualise. Pour votre s\u00e9curit\u00e9, nous incluons un \u00e9chantillon.<\/p>\n<p>Le guide du tourisme propose:<\/p>\n<ul>\n<li>Un service professionnel, soign\u00e9 et engag\u00e9<\/li>\n<li>Information objective, libre de pr\u00e9jug\u00e9s et de propagande<\/li>\n<li>Une information fiable et vraie, la diff\u00e9renciant de ses opinions, de donn\u00e9es anecdotiques ou d&rsquo;histoires qui proviennent de traditions et de l\u00e9gendes populaires<\/li>\n<li>Veillez \u00e9galement \u00e0 ce que chaque visiteur respecte la zone qu&rsquo;il visite (monuments, attractions et coutumes locales)<\/li>\n<li>Supervise l&rsquo;itin\u00e9raire pr\u00e9vu, s&rsquo;assurant que tous les services du programme sont fournis<\/li>\n<li>Soyez attentif au confort et \u00e0 la s\u00e9curit\u00e9 des passagers<\/li>\n<li>Fournit toute l&rsquo;assistance n\u00e9cessaire en cas de difficult\u00e9 et \/ ou d&rsquo;urgence.<\/li>\n<\/ul>\n","protected":false},"excerpt":{"rendered":"<p>L&rsquo;art de guider \u00ab\u00a0viva voce\u00a0\u00bb ou \u00ab\u00a0live voice\u00a0\u00bb implique l&rsquo;utilisation du corps humain avec toutes ses capacit\u00e9s d&rsquo;expression. C&rsquo;est la communication entre un guide touristique et les touristes. Le Guide transmet un message d&rsquo;une mani\u00e8re claire et int\u00e9ressante, avec des explications sans intention politique ni discrimination; mais avec du contenu, de la v\u00e9racit\u00e9, de la [&hellip;]<\/p>\n","protected":false},"author":1,"featured_media":0,"parent":0,"menu_order":0,"comment_status":"closed","ping_status":"closed","template":"","meta":{"footnotes":""},"_links":{"self":[{"href":"https:\/\/agpmalagacultural.es\/fr\/wp-json\/wp\/v2\/pages\/216"}],"collection":[{"href":"https:\/\/agpmalagacultural.es\/fr\/wp-json\/wp\/v2\/pages"}],"about":[{"href":"https:\/\/agpmalagacultural.es\/fr\/wp-json\/wp\/v2\/types\/page"}],"author":[{"embeddable":true,"href":"https:\/\/agpmalagacultural.es\/fr\/wp-json\/wp\/v2\/users\/1"}],"replies":[{"embeddable":true,"href":"https:\/\/agpmalagacultural.es\/fr\/wp-json\/wp\/v2\/comments?post=216"}],"version-history":[{"count":1,"href":"https:\/\/agpmalagacultural.es\/fr\/wp-json\/wp\/v2\/pages\/216\/revisions"}],"predecessor-version":[{"id":217,"href":"https:\/\/agpmalagacultural.es\/fr\/wp-json\/wp\/v2\/pages\/216\/revisions\/217"}],"wp:attachment":[{"href":"https:\/\/agpmalagacultural.es\/fr\/wp-json\/wp\/v2\/media?parent=216"}],"curies":[{"name":"wp","href":"https:\/\/api.w.org\/{rel}","templated":true}]}}