{"id":188,"date":"2019-12-10T11:06:41","date_gmt":"2019-12-10T10:06:41","guid":{"rendered":"http:\/\/agpmalagacultural.es\/?page_id=188"},"modified":"2019-12-10T11:06:44","modified_gmt":"2019-12-10T10:06:44","slug":"chi-siamo","status":"publish","type":"page","link":"https:\/\/agpmalagacultural.es\/it\/chi-siamo\/","title":{"rendered":"Chi siamo"},"content":{"rendered":"<p>AGP M\u00e1laga Cultural (Associazione delle guide professionali M\u00e1laga Cultural) \u00e8 l&#8217;Associazione delle guide turistiche di Malaga creata nel 2015. Nasce dalla preoccupazione di guide turistiche esperte con l&#8217;intenzione di valorizzare il patrimonio artistico &#8211; culturale del citt\u00e0 e provincia di Malaga, estendendo il nostro campo di attivit\u00e0 all&#8217;Andalusia, alla Spagna e al resto dei paesi dell&#8217;Unione Europea. Siamo mossi da qualit\u00e0, trasversalit\u00e0 e professionalit\u00e0, diventando pilastri fondamentali della nostra associazione. Abbiamo un codice etico di buona condotta con fornitori e clienti unici in Spagna, che ci distingue dalle altre associazioni di Guida del turismo professionale.<\/p>\n<p>Tutti i nostri associati hanno la carta guida turistica ufficiale rilasciata dall&#8217;autorit\u00e0 competente e sono registrati nel regime autonomo di previdenza sociale, pagando le tasse in Spagna, a seconda della legge in vigore in Spagna e nell&#8217;Unione Europea . La nostra et\u00e0 media \u00e8 di 41 anni, abbiamo esperienza, siamo giovani e sfruttiamo tutti i vantaggi offerti dalle nuove tecnologie.<\/p>\n<p>AGP M\u00e1laga Cultural \u00e8 iscritta al registro delle associazioni professionali di guide turistiche come associazione civile registrata nella Junta de Andaluc\u00eda, ha un&#8217;entit\u00e0 legale e una propria sede nella capitale di Malaga. \u00c8 un&#8217;organizzazione non governativa e senza scopo di lucro i cui partner si registrano volontariamente.<\/p>\n<p>AGP M\u00e1laga Cultural \u00e8 un simbolo che identifica la professione di guida turistica, contribuisce a rafforzare i legami sociali e lavorativi e a rappresentare il lavoro in tutti i suoi settori. Amiamo la nostra terra, amiamo quello che facciamo e vogliamo trasmettere la stessa passione a coloro che ci visitano.<\/p>\n<p>AGP M\u00e1laga Cultural mette a vostra disposizione le guide associate per godere e vivere la nostra citt\u00e0 o provincia per mano dei veri professionisti del turismo; Non solo ti guidiamo, ma ti aiutiamo a &#8220;vivere&#8221; un&#8217;esperienza nella nostra citt\u00e0.<\/p>\n<p>AGP M\u00e1laga Cultural offre tutti i tipi di tour per conoscere la storica Malaga, la Malaga monumentale, Malaga e i suoi musei, i percorsi delle tapas, Malaga con il flamenco, nonch\u00e9 Ronda, Antequera, Marbella, Nerja, Mijas, ecc &#8230;<\/p>\n<p>Devi solo dirci cosa vuoi visitare e pianificheremo tutto.<\/p>\n<p style=\"text-align: justify;\"><a href=\"http:\/\/agpmalagacultural.es\/wp-content\/uploads\/2015\/02\/12265729_10153785395761719_8773416152954183222_o.jpg\" rel=\"attachment wp-att-82\"><img loading=\"lazy\" decoding=\"async\" class=\" wp-image-82 aligncenter\" src=\"http:\/\/agpmalagacultural.es\/wp-content\/uploads\/2015\/02\/12265729_10153785395761719_8773416152954183222_o.jpg\" alt=\"12265729_10153785395761719_8773416152954183222_o\" width=\"495\" height=\"275\" srcset=\"https:\/\/agpmalagacultural.es\/wp-content\/uploads\/2015\/02\/12265729_10153785395761719_8773416152954183222_o.jpg 2048w, https:\/\/agpmalagacultural.es\/wp-content\/uploads\/2015\/02\/12265729_10153785395761719_8773416152954183222_o-300x167.jpg 300w, https:\/\/agpmalagacultural.es\/wp-content\/uploads\/2015\/02\/12265729_10153785395761719_8773416152954183222_o-768x427.jpg 768w, https:\/\/agpmalagacultural.es\/wp-content\/uploads\/2015\/02\/12265729_10153785395761719_8773416152954183222_o-1024x569.jpg 1024w\" sizes=\"(max-width: 495px) 100vw, 495px\" \/><\/a><\/p>\n<p style=\"text-align: justify;\"><a href=\"http:\/\/agpmalagacultural.es\/wp-content\/uploads\/2017\/03\/GUIAS-DE-TURISMO-II.jpg\"><img loading=\"lazy\" decoding=\"async\" class=\"wp-image-119 aligncenter\" src=\"http:\/\/agpmalagacultural.es\/wp-content\/uploads\/2017\/03\/GUIAS-DE-TURISMO-II.jpg\" alt=\"\" width=\"500\" height=\"240\" srcset=\"https:\/\/agpmalagacultural.es\/wp-content\/uploads\/2017\/03\/GUIAS-DE-TURISMO-II.jpg 771w, https:\/\/agpmalagacultural.es\/wp-content\/uploads\/2017\/03\/GUIAS-DE-TURISMO-II-300x144.jpg 300w, https:\/\/agpmalagacultural.es\/wp-content\/uploads\/2017\/03\/GUIAS-DE-TURISMO-II-768x369.jpg 768w\" sizes=\"(max-width: 500px) 100vw, 500px\" \/><\/a><\/p>\n","protected":false},"excerpt":{"rendered":"<p>AGP M\u00e1laga Cultural (Associazione delle guide professionali M\u00e1laga Cultural) \u00e8 l&#8217;Associazione delle guide turistiche di Malaga creata nel 2015. Nasce dalla preoccupazione di guide turistiche esperte con l&#8217;intenzione di valorizzare il patrimonio artistico &#8211; culturale del citt\u00e0 e provincia di Malaga, estendendo il nostro campo di attivit\u00e0 all&#8217;Andalusia, alla Spagna e al resto dei paesi [&hellip;]<\/p>\n","protected":false},"author":1,"featured_media":0,"parent":0,"menu_order":0,"comment_status":"closed","ping_status":"closed","template":"","meta":{"footnotes":""},"_links":{"self":[{"href":"https:\/\/agpmalagacultural.es\/it\/wp-json\/wp\/v2\/pages\/188"}],"collection":[{"href":"https:\/\/agpmalagacultural.es\/it\/wp-json\/wp\/v2\/pages"}],"about":[{"href":"https:\/\/agpmalagacultural.es\/it\/wp-json\/wp\/v2\/types\/page"}],"author":[{"embeddable":true,"href":"https:\/\/agpmalagacultural.es\/it\/wp-json\/wp\/v2\/users\/1"}],"replies":[{"embeddable":true,"href":"https:\/\/agpmalagacultural.es\/it\/wp-json\/wp\/v2\/comments?post=188"}],"version-history":[{"count":1,"href":"https:\/\/agpmalagacultural.es\/it\/wp-json\/wp\/v2\/pages\/188\/revisions"}],"predecessor-version":[{"id":189,"href":"https:\/\/agpmalagacultural.es\/it\/wp-json\/wp\/v2\/pages\/188\/revisions\/189"}],"wp:attachment":[{"href":"https:\/\/agpmalagacultural.es\/it\/wp-json\/wp\/v2\/media?parent=188"}],"curies":[{"name":"wp","href":"https:\/\/api.w.org\/{rel}","templated":true}]}}