{"id":190,"date":"2019-12-10T11:08:42","date_gmt":"2019-12-10T10:08:42","guid":{"rendered":"http:\/\/agpmalagacultural.es\/?page_id=190"},"modified":"2019-12-10T11:08:44","modified_gmt":"2019-12-10T10:08:44","slug":"quem-somos","status":"publish","type":"page","link":"https:\/\/agpmalagacultural.es\/pt-br\/quem-somos\/","title":{"rendered":"Quem somos"},"content":{"rendered":"<p>A AGP M\u00e1laga Cultural (Associa\u00e7\u00e3o de Guias Profissionais de M\u00e1laga Cultural) \u00e9 a Associa\u00e7\u00e3o de Guias de Turismo de M\u00e1laga, criada em 2015. Nasce da preocupa\u00e7\u00e3o de guias profissionais experientes, com a inten\u00e7\u00e3o de valorizar o patrim\u00f4nio art\u00edstico-cultural do pa\u00eds. cidade e prov\u00edncia de M\u00e1laga, estendendo nosso escopo de atividade \u00e0 Andaluzia, Espanha e ao resto dos pa\u00edses da Uni\u00e3o Europeia. Somos movidos pela qualidade, transversalidade e profissionalismo, tornando-se pilares b\u00e1sicos de nossa associa\u00e7\u00e3o. Temos um c\u00f3digo de \u00e9tica de bom comportamento com fornecedores e clientes \u00fanicos na Espanha, que nos diferencia de outras associa\u00e7\u00f5es do Professional Tourism Guide.<\/p>\n<p>Todos os nossos associados t\u00eam o cart\u00e3o oficial de guia tur\u00edstico emitido pela autoridade competente e est\u00e3o registrados no regime aut\u00f4nomo da Seguridade Social, pagando seus impostos na Espanha, dependendo da lei em vigor na Espanha e na Uni\u00e3o Europeia . Nossa idade m\u00e9dia \u00e9 de 41 anos, somos experientes, somos jovens e usamos todas as vantagens oferecidas pelas novas tecnologias.<\/p>\n<p>A AGP M\u00e1laga Cultural est\u00e1 registrada no Registro de Associa\u00e7\u00f5es Profissionais de Guias de Turismo como uma Associa\u00e7\u00e3o Civil registrada na Junta da Andaluzia, possui uma entidade legal e sede pr\u00f3pria na capital de M\u00e1laga. \u00c9 uma organiza\u00e7\u00e3o n\u00e3o governamental e sem fins lucrativos cujos Parceiros se registram voluntariamente.<\/p>\n<p>AGP M\u00e1laga Cultural \u00e9 um s\u00edmbolo que identifica a profiss\u00e3o de Guia de Turismo, contribui para fortalecer seus la\u00e7os sociais e trabalhistas e para representar o trabalho em todos os seus campos. Amamos nossa terra, amamos o que fazemos e queremos transmitir a mesma paix\u00e3o a quem nos visita.<\/p>\n<p>O AGP M\u00e1laga Cultural coloca \u00e0 sua disposi\u00e7\u00e3o os guias associados para desfrutar e viver nossa cidade ou prov\u00edncia pelas m\u00e3os dos verdadeiros profissionais do turismo; N\u00f3s n\u00e3o apenas o guiamos, mas tamb\u00e9m o ajudamos a &#8220;viver&#8221; uma experi\u00eancia em nossa cidade.<\/p>\n<p>A AGP M\u00e1laga Cultural oferece todos os tipos de passeios para conhecer M\u00e1laga Hist\u00f3rica, M\u00e1laga Monumental, M\u00e1laga e seus Museus, Rotas de Tapas, M\u00e1laga com Flamenco, bem como Ronda, Antequera, Marbella, Nerja, Mijas, etc &#8230;<\/p>\n<p>Voc\u00ea s\u00f3 precisa nos dizer o que deseja visitar e planejaremos tudo.<\/p>\n<p style=\"text-align: justify;\"><a href=\"http:\/\/agpmalagacultural.es\/wp-content\/uploads\/2015\/02\/12265729_10153785395761719_8773416152954183222_o.jpg\" rel=\"attachment wp-att-82\"><img loading=\"lazy\" decoding=\"async\" class=\" wp-image-82 aligncenter\" src=\"http:\/\/agpmalagacultural.es\/wp-content\/uploads\/2015\/02\/12265729_10153785395761719_8773416152954183222_o.jpg\" alt=\"12265729_10153785395761719_8773416152954183222_o\" width=\"495\" height=\"275\" srcset=\"https:\/\/agpmalagacultural.es\/wp-content\/uploads\/2015\/02\/12265729_10153785395761719_8773416152954183222_o.jpg 2048w, https:\/\/agpmalagacultural.es\/wp-content\/uploads\/2015\/02\/12265729_10153785395761719_8773416152954183222_o-300x167.jpg 300w, https:\/\/agpmalagacultural.es\/wp-content\/uploads\/2015\/02\/12265729_10153785395761719_8773416152954183222_o-768x427.jpg 768w, https:\/\/agpmalagacultural.es\/wp-content\/uploads\/2015\/02\/12265729_10153785395761719_8773416152954183222_o-1024x569.jpg 1024w\" sizes=\"(max-width: 495px) 100vw, 495px\" \/><\/a><\/p>\n<p style=\"text-align: justify;\"><a href=\"http:\/\/agpmalagacultural.es\/wp-content\/uploads\/2017\/03\/GUIAS-DE-TURISMO-II.jpg\"><img loading=\"lazy\" decoding=\"async\" class=\"wp-image-119 aligncenter\" src=\"http:\/\/agpmalagacultural.es\/wp-content\/uploads\/2017\/03\/GUIAS-DE-TURISMO-II.jpg\" alt=\"\" width=\"500\" height=\"240\" srcset=\"https:\/\/agpmalagacultural.es\/wp-content\/uploads\/2017\/03\/GUIAS-DE-TURISMO-II.jpg 771w, https:\/\/agpmalagacultural.es\/wp-content\/uploads\/2017\/03\/GUIAS-DE-TURISMO-II-300x144.jpg 300w, https:\/\/agpmalagacultural.es\/wp-content\/uploads\/2017\/03\/GUIAS-DE-TURISMO-II-768x369.jpg 768w\" sizes=\"(max-width: 500px) 100vw, 500px\" \/><\/a><\/p>\n","protected":false},"excerpt":{"rendered":"<p>A AGP M\u00e1laga Cultural (Associa\u00e7\u00e3o de Guias Profissionais de M\u00e1laga Cultural) \u00e9 a Associa\u00e7\u00e3o de Guias de Turismo de M\u00e1laga, criada em 2015. Nasce da preocupa\u00e7\u00e3o de guias profissionais experientes, com a inten\u00e7\u00e3o de valorizar o patrim\u00f4nio art\u00edstico-cultural do pa\u00eds. cidade e prov\u00edncia de M\u00e1laga, estendendo nosso escopo de atividade \u00e0 Andaluzia, Espanha e ao [&hellip;]<\/p>\n","protected":false},"author":1,"featured_media":0,"parent":0,"menu_order":0,"comment_status":"closed","ping_status":"closed","template":"","meta":{"footnotes":""},"_links":{"self":[{"href":"https:\/\/agpmalagacultural.es\/pt-br\/wp-json\/wp\/v2\/pages\/190"}],"collection":[{"href":"https:\/\/agpmalagacultural.es\/pt-br\/wp-json\/wp\/v2\/pages"}],"about":[{"href":"https:\/\/agpmalagacultural.es\/pt-br\/wp-json\/wp\/v2\/types\/page"}],"author":[{"embeddable":true,"href":"https:\/\/agpmalagacultural.es\/pt-br\/wp-json\/wp\/v2\/users\/1"}],"replies":[{"embeddable":true,"href":"https:\/\/agpmalagacultural.es\/pt-br\/wp-json\/wp\/v2\/comments?post=190"}],"version-history":[{"count":1,"href":"https:\/\/agpmalagacultural.es\/pt-br\/wp-json\/wp\/v2\/pages\/190\/revisions"}],"predecessor-version":[{"id":191,"href":"https:\/\/agpmalagacultural.es\/pt-br\/wp-json\/wp\/v2\/pages\/190\/revisions\/191"}],"wp:attachment":[{"href":"https:\/\/agpmalagacultural.es\/pt-br\/wp-json\/wp\/v2\/media?parent=190"}],"curies":[{"name":"wp","href":"https:\/\/api.w.org\/{rel}","templated":true}]}}