{"id":221,"date":"2019-12-10T11:32:27","date_gmt":"2019-12-10T10:32:27","guid":{"rendered":"http:\/\/agpmalagacultural.es\/?page_id=221"},"modified":"2019-12-10T11:32:29","modified_gmt":"2019-12-10T10:32:29","slug":"o-guia-turistico-do-seculo-xxi","status":"publish","type":"page","link":"https:\/\/agpmalagacultural.es\/pt-br\/","title":{"rendered":"O guia tur\u00edstico do s\u00e9culo XXI"},"content":{"rendered":"<p>A arte de guiar &#8220;viva voce&#8221; ou &#8220;voz viva&#8221; implica o uso do corpo humano com todas as suas capacidades de express\u00e3o. \u00c9 a comunica\u00e7\u00e3o entre um Guia de Turismo e turistas.<\/p>\n<p>O Guia transmite uma mensagem de maneira clara e interessante, com explica\u00e7\u00f5es sem inten\u00e7\u00e3o ou discrimina\u00e7\u00e3o pol\u00edtica; mas com conte\u00fado, com veracidade, com boa express\u00e3o, com interesse e motiva\u00e7\u00e3o. Essa troca permite uma boa compreens\u00e3o e valoriza\u00e7\u00e3o da cultura ou dos recursos tur\u00edsticos do local visitado, para que o visitante se torne um difusor entusiasmado.<\/p>\n<p>Se o Guia n\u00e3o gerar isso, todo o esfor\u00e7o feito durante a promo\u00e7\u00e3o e venda do produto tur\u00edstico corre o s\u00e9rio risco de ser desperdi\u00e7ado e, pior ainda, perder a multiplica\u00e7\u00e3o de poss\u00edveis novos visitantes.<\/p>\n<p>A arte de guiar alterna longas e atenciosas explica\u00e7\u00f5es com outras curtas e f\u00e1ceis para ajudar o turista a entender, acolh\u00ea-lo e honr\u00e1-lo como h\u00f3spede, aproximando-o de todas as manifesta\u00e7\u00f5es da cultura da popula\u00e7\u00e3o local. Este \u00e9 precisamente o desafio do Guia de Turismo, fazer com que os muros falem para contar sua hist\u00f3ria. Portanto, sua forma\u00e7\u00e3o profissional e sua pr\u00f3pria experi\u00eancia, somadas \u00e0 forma\u00e7\u00e3o cont\u00ednua nas \u00e1reas necess\u00e1rias e nas de sua prefer\u00eancia, far\u00e3o dele o ciclone necess\u00e1rio de um produto final com excelente qualidade.<\/p>\n<p>O papel e a fun\u00e7\u00e3o do Guia de Turismo \u00e9 acolher, organizar, informar e entreter os visitantes. A FEG (FEDERA\u00c7\u00c3O EUROPEIA DE ASSOCIA\u00c7\u00d5ES DE GUIAS) define o papel do Guia como: \u201corientar e orientar o visitante (no idioma em que o solicitou) sobre a atra\u00e7\u00e3o em quest\u00e3o, interpretando a pr\u00f3pria cultura\u201d.<\/p>\n<p>Eles acrescentam que &#8220;o papel do Guia \u00e9 liderar grupos ou pessoas, mostrando-lhes monumentos, museus e locais de um local, dando uma introdu\u00e7\u00e3o geral da \u00e1rea visitada ou realizando uma visita tem\u00e1tica ou espec\u00edfica&#8221;.<\/p>\n<p>O Guia \u00e9 uma pessoa gentil, com uma personalidade agrad\u00e1vel que desperta o interesse de desfrutar de sua companhia. Ele sabe como controlar seu temperamento, ser sorridente e educado. Seu modo de falar \u00e9 claro, sem pressa, ele usa as palavras apropriadas e n\u00e3o vulgares, que no caso de falar uma l\u00edngua estrangeira o fazem com flu\u00eancia.<\/p>\n<p>O Guia garante servi\u00e7o, aten\u00e7\u00e3o e profissionalismo. Mostra uma imagem que tentamos valorizar diariamente, respeit\u00e1-la e aplic\u00e1-la, divulg\u00e1-la e lembr\u00e1-la em todos os eventos tur\u00edsticos, p\u00fablicos ou privados. Aqueles que atuam nesta profiss\u00e3o sem cobrar as taxas correspondentes a eles obtendo seus lucros \u00e0 custa de comiss\u00f5es ou favores de passageiros, n\u00e3o devem ser considerados Guias de Turismo.<\/p>\n<p>Sendo o Guia a imagem vis\u00edvel de uma ag\u00eancia, o primeiro contato e provavelmente o \u00faltimo, a import\u00e2ncia de sua presen\u00e7a e boa imagem \u00e9 fundamental, pois permanecer\u00e1 latente na mem\u00f3ria dos visitantes.<\/p>\n<p>Seu guia deve ter uma licen\u00e7a concedida pela autoridade competente, hoje \u00e9 o Departamento de Turismo da Junta de Andaluzia. Aqueles que pertencem a esta associa\u00e7\u00e3o tamb\u00e9m t\u00eam a credencial que os individualiza. Para sua seguran\u00e7a, inclu\u00edmos uma amostra.<\/p>\n<p>O Guia de Turismo oferece:<\/p>\n<ul>\n<li>Um servi\u00e7o profissional, cuidadoso e comprometido<\/li>\n<li>Informa\u00e7\u00e3o objetiva, livre de preconceitos e propaganda<\/li>\n<li>Informa\u00e7\u00e3o confi\u00e1vel e verdadeira, diferenciando-a de suas opini\u00f5es, de dados aned\u00f3ticos ou de hist\u00f3rias origin\u00e1rias de tradi\u00e7\u00f5es e lendas populares<\/li>\n<li>Al\u00e9m disso, certifique-se de que cada visitante respeite a \u00e1rea que visitam (monumentos, atra\u00e7\u00f5es e costumes locais)<\/li>\n<li>Supervisiona o itiner\u00e1rio planejado, garantindo que todos os servi\u00e7os do programa sejam fornecidos<\/li>\n<li>Esteja atento ao conforto e seguran\u00e7a dos passageiros<\/li>\n<li>Fornece toda a assist\u00eancia necess\u00e1ria em caso de dificuldade e \/ ou emerg\u00eancia.<\/li>\n<\/ul>\n","protected":false},"excerpt":{"rendered":"<p>A arte de guiar &#8220;viva voce&#8221; ou &#8220;voz viva&#8221; implica o uso do corpo humano com todas as suas capacidades de express\u00e3o. \u00c9 a comunica\u00e7\u00e3o entre um Guia de Turismo e turistas. O Guia transmite uma mensagem de maneira clara e interessante, com explica\u00e7\u00f5es sem inten\u00e7\u00e3o ou discrimina\u00e7\u00e3o pol\u00edtica; mas com conte\u00fado, com veracidade, com [&hellip;]<\/p>\n","protected":false},"author":1,"featured_media":0,"parent":0,"menu_order":0,"comment_status":"closed","ping_status":"closed","template":"","meta":{"footnotes":""},"_links":{"self":[{"href":"https:\/\/agpmalagacultural.es\/pt-br\/wp-json\/wp\/v2\/pages\/221"}],"collection":[{"href":"https:\/\/agpmalagacultural.es\/pt-br\/wp-json\/wp\/v2\/pages"}],"about":[{"href":"https:\/\/agpmalagacultural.es\/pt-br\/wp-json\/wp\/v2\/types\/page"}],"author":[{"embeddable":true,"href":"https:\/\/agpmalagacultural.es\/pt-br\/wp-json\/wp\/v2\/users\/1"}],"replies":[{"embeddable":true,"href":"https:\/\/agpmalagacultural.es\/pt-br\/wp-json\/wp\/v2\/comments?post=221"}],"version-history":[{"count":1,"href":"https:\/\/agpmalagacultural.es\/pt-br\/wp-json\/wp\/v2\/pages\/221\/revisions"}],"predecessor-version":[{"id":222,"href":"https:\/\/agpmalagacultural.es\/pt-br\/wp-json\/wp\/v2\/pages\/221\/revisions\/222"}],"wp:attachment":[{"href":"https:\/\/agpmalagacultural.es\/pt-br\/wp-json\/wp\/v2\/media?parent=221"}],"curies":[{"name":"wp","href":"https:\/\/api.w.org\/{rel}","templated":true}]}}