{"id":332,"date":"2019-12-10T12:25:04","date_gmt":"2019-12-10T11:25:04","guid":{"rendered":"http:\/\/agpmalagacultural.es\/?page_id=332"},"modified":"2019-12-10T12:25:06","modified_gmt":"2019-12-10T11:25:06","slug":"admissao-de-inscricao","status":"publish","type":"page","link":"https:\/\/agpmalagacultural.es\/pt-br\/admissao-de-inscricao\/","title":{"rendered":"Admiss\u00e3o de Inscri\u00e7\u00e3o"},"content":{"rendered":"<p>Este formul\u00e1rio tem como objetivo compilar dados para solicitar a incorpora\u00e7\u00e3o como membro da Associa\u00e7\u00e3o de Guias Profissionais de M\u00e1laga Cultural. Observe que o envio deste formul\u00e1rio n\u00e3o significa admiss\u00e3o autom\u00e1tica em nossa associa\u00e7\u00e3o. Uma vez recebida, sua candidatura ser\u00e1 avaliada por nosso comit\u00ea de qualidade e, no caso positivo, voc\u00ea iniciar\u00e1 seu processo de admiss\u00e3o.<\/p>\n<p><strong>Para a considera\u00e7\u00e3o de sua candidatura, \u00e9 um requisito essencial estar na posse do Cart\u00e3o Oficial de Guia Tur\u00edstico emitido na Espanha pela Comunidade Aut\u00f4noma competente, sempre em conformidade com a legisla\u00e7\u00e3o vigente. Na aus\u00eancia de tal autoriza\u00e7\u00e3o, seu aplicativo n\u00e3o ser\u00e1 processado.<\/strong><\/p>\n<hr \/>\n\n<div class=\"wpcf7 no-js\" id=\"wpcf7-f4-o1\" lang=\"es-ES\" dir=\"ltr\">\n<div class=\"screen-reader-response\"><p role=\"status\" aria-live=\"polite\" aria-atomic=\"true\"><\/p> <ul><\/ul><\/div>\n<form action=\"\/pt-br\/wp-json\/wp\/v2\/pages\/332#wpcf7-f4-o1\" method=\"post\" class=\"wpcf7-form init\" aria-label=\"Formulario de contacto\" novalidate=\"novalidate\" data-status=\"init\">\n<div style=\"display: none;\">\n<input type=\"hidden\" name=\"_wpcf7\" value=\"4\" \/>\n<input type=\"hidden\" name=\"_wpcf7_version\" value=\"5.9.8\" \/>\n<input type=\"hidden\" name=\"_wpcf7_locale\" value=\"es_ES\" \/>\n<input type=\"hidden\" name=\"_wpcf7_unit_tag\" value=\"wpcf7-f4-o1\" \/>\n<input type=\"hidden\" name=\"_wpcf7_container_post\" value=\"0\" \/>\n<input type=\"hidden\" name=\"_wpcf7_posted_data_hash\" value=\"\" \/>\n<input type=\"hidden\" name=\"_wpcf7_recaptcha_response\" value=\"\" \/>\n<\/div>\n<p>Nombre Completo (requerido)\n<\/p>\n<p><span class=\"wpcf7-form-control-wrap\" data-name=\"your-name\"><input size=\"40\" maxlength=\"400\" class=\"wpcf7-form-control wpcf7-text wpcf7-validates-as-required\" aria-required=\"true\" aria-invalid=\"false\" value=\"\" type=\"text\" name=\"your-name\" \/><\/span>\n<\/p>\n<p>Email (requerido)\n<\/p>\n<p><span class=\"wpcf7-form-control-wrap\" data-name=\"your-email\"><input size=\"40\" maxlength=\"400\" class=\"wpcf7-form-control wpcf7-email wpcf7-validates-as-required wpcf7-text wpcf7-validates-as-email\" aria-required=\"true\" aria-invalid=\"false\" value=\"\" type=\"email\" name=\"your-email\" \/><\/span>\n<\/p>\n<p>Tel\u00e9fono (requerido)\n<\/p>\n<p><span class=\"wpcf7-form-control-wrap\" data-name=\"your-phone\"><input size=\"40\" maxlength=\"400\" class=\"wpcf7-form-control wpcf7-text wpcf7-validates-as-required\" aria-required=\"true\" aria-invalid=\"false\" value=\"\" type=\"text\" name=\"your-phone\" \/><\/span>\n<\/p>\n<p>N\u00famero Carnet de Gu\u00eda (requerido)\n<\/p>\n<p><span class=\"wpcf7-form-control-wrap\" data-name=\"your-carnet\"><input size=\"40\" maxlength=\"400\" class=\"wpcf7-form-control wpcf7-text wpcf7-validates-as-required\" aria-required=\"true\" aria-invalid=\"false\" value=\"\" type=\"text\" name=\"your-carnet\" \/><\/span>\n<\/p>\n<p>Comunidad Aut\u00f3noma de emisi\u00f3n (requerido)\n<\/p>\n<p><span class=\"wpcf7-form-control-wrap\" data-name=\"your-autonomia\"><input size=\"40\" maxlength=\"400\" class=\"wpcf7-form-control wpcf7-text wpcf7-validates-as-required\" aria-required=\"true\" aria-invalid=\"false\" value=\"\" type=\"text\" name=\"your-autonomia\" \/><\/span>\n<\/p>\n<p>Idiomas que habla - nivel (requerido)\n<\/p>\n<p><span class=\"wpcf7-form-control-wrap\" data-name=\"idioma\"><input size=\"40\" maxlength=\"400\" class=\"wpcf7-form-control wpcf7-text wpcf7-validates-as-required\" aria-required=\"true\" aria-invalid=\"false\" value=\"\" type=\"text\" name=\"idioma\" \/><\/span>\n<\/p>\n<p>Gu\u00eda que le ha referido a nuestra asociaci\u00f3n (requerido)\n<\/p>\n<p><span class=\"wpcf7-form-control-wrap\" data-name=\"your-ref\"><input size=\"40\" maxlength=\"400\" class=\"wpcf7-form-control wpcf7-text wpcf7-validates-as-required\" aria-required=\"true\" aria-invalid=\"false\" value=\"\" type=\"text\" name=\"your-ref\" \/><\/span>\n<\/p>\n<p>\u00bfQu\u00e9 le ha movido para entrar a nuestra asociaci\u00f3n? (requerido)\n<\/p>\n<p><span class=\"wpcf7-form-control-wrap\" data-name=\"your-message\"><textarea cols=\"40\" rows=\"10\" maxlength=\"2000\" class=\"wpcf7-form-control wpcf7-textarea\" aria-invalid=\"false\" name=\"your-message\"><\/textarea><\/span>\n<\/p>\n<p><input class=\"wpcf7-form-control wpcf7-submit has-spinner\" type=\"submit\" value=\"Enviar\" \/>\n<\/p><p style=\"display: none !important;\" class=\"akismet-fields-container\" data-prefix=\"_wpcf7_ak_\"><label>&#916;<textarea name=\"_wpcf7_ak_hp_textarea\" cols=\"45\" rows=\"8\" maxlength=\"100\"><\/textarea><\/label><input type=\"hidden\" id=\"ak_js_1\" name=\"_wpcf7_ak_js\" value=\"107\"\/><script>document.getElementById( \"ak_js_1\" ).setAttribute( \"value\", ( new Date() ).getTime() );<\/script><\/p><div class=\"wpcf7-response-output\" aria-hidden=\"true\"><\/div>\n<\/form>\n<\/div>\n\n","protected":false},"excerpt":{"rendered":"<p>Este formul\u00e1rio tem como objetivo compilar dados para solicitar a incorpora\u00e7\u00e3o como membro da Associa\u00e7\u00e3o de Guias Profissionais de M\u00e1laga Cultural. Observe que o envio deste formul\u00e1rio n\u00e3o significa admiss\u00e3o autom\u00e1tica em nossa associa\u00e7\u00e3o. Uma vez recebida, sua candidatura ser\u00e1 avaliada por nosso comit\u00ea de qualidade e, no caso positivo, voc\u00ea iniciar\u00e1 seu processo de [&hellip;]<\/p>\n","protected":false},"author":1,"featured_media":334,"parent":0,"menu_order":0,"comment_status":"closed","ping_status":"closed","template":"","meta":{"footnotes":""},"_links":{"self":[{"href":"https:\/\/agpmalagacultural.es\/pt-br\/wp-json\/wp\/v2\/pages\/332"}],"collection":[{"href":"https:\/\/agpmalagacultural.es\/pt-br\/wp-json\/wp\/v2\/pages"}],"about":[{"href":"https:\/\/agpmalagacultural.es\/pt-br\/wp-json\/wp\/v2\/types\/page"}],"author":[{"embeddable":true,"href":"https:\/\/agpmalagacultural.es\/pt-br\/wp-json\/wp\/v2\/users\/1"}],"replies":[{"embeddable":true,"href":"https:\/\/agpmalagacultural.es\/pt-br\/wp-json\/wp\/v2\/comments?post=332"}],"version-history":[{"count":1,"href":"https:\/\/agpmalagacultural.es\/pt-br\/wp-json\/wp\/v2\/pages\/332\/revisions"}],"predecessor-version":[{"id":333,"href":"https:\/\/agpmalagacultural.es\/pt-br\/wp-json\/wp\/v2\/pages\/332\/revisions\/333"}],"wp:featuredmedia":[{"embeddable":true,"href":"https:\/\/agpmalagacultural.es\/pt-br\/wp-json\/wp\/v2\/media\/334"}],"wp:attachment":[{"href":"https:\/\/agpmalagacultural.es\/pt-br\/wp-json\/wp\/v2\/media?parent=332"}],"curies":[{"name":"wp","href":"https:\/\/api.w.org\/{rel}","templated":true}]}}