{"id":342,"date":"2019-12-10T12:27:47","date_gmt":"2019-12-10T11:27:47","guid":{"rendered":"http:\/\/agpmalagacultural.es\/?page_id=342"},"modified":"2020-12-13T17:17:22","modified_gmt":"2020-12-13T16:17:22","slug":"%d0%ba%d0%be%d0%bd%d1%82%d0%b0%d0%ba%d1%82","status":"publish","type":"page","link":"https:\/\/agpmalagacultural.es\/ru\/%d0%ba%d0%be%d0%bd%d1%82%d0%b0%d0%ba%d1%82\/","title":{"rendered":"\u043a\u043e\u043d\u0442\u0430\u043a\u0442"},"content":{"rendered":"\n<div class=\"wpcf7 no-js\" id=\"wpcf7-f375-o1\" lang=\"es-ES\" dir=\"ltr\">\n<div class=\"screen-reader-response\"><p role=\"status\" aria-live=\"polite\" aria-atomic=\"true\"><\/p> <ul><\/ul><\/div>\n<form action=\"\/ru\/wp-json\/wp\/v2\/pages\/342#wpcf7-f375-o1\" method=\"post\" class=\"wpcf7-form init\" aria-label=\"Formulario de contacto\" novalidate=\"novalidate\" data-status=\"init\">\n<div style=\"display: none;\">\n<input type=\"hidden\" name=\"_wpcf7\" value=\"375\" \/>\n<input type=\"hidden\" name=\"_wpcf7_version\" value=\"5.9.8\" \/>\n<input type=\"hidden\" name=\"_wpcf7_locale\" value=\"es_ES\" \/>\n<input type=\"hidden\" name=\"_wpcf7_unit_tag\" value=\"wpcf7-f375-o1\" \/>\n<input type=\"hidden\" name=\"_wpcf7_container_post\" value=\"0\" \/>\n<input type=\"hidden\" name=\"_wpcf7_posted_data_hash\" value=\"\" \/>\n<input type=\"hidden\" name=\"_wpcf7_recaptcha_response\" value=\"\" \/>\n<\/div>\n<p>\u043d\u0430\u0437\u0432\u0430\u043d\u0438\u0435 (\u041e\u0431\u044f\u0437\u0430\u0442\u0435\u043b\u044c\u043d\u043e\u0435 \u043f\u043e\u043b\u0435)\n<\/p>\n<p><span class=\"wpcf7-form-control-wrap\" data-name=\"your-name\"><input size=\"40\" maxlength=\"400\" class=\"wpcf7-form-control wpcf7-text wpcf7-validates-as-required\" aria-required=\"true\" aria-invalid=\"false\" value=\"\" type=\"text\" name=\"your-name\" \/><\/span>\n<\/p>\n<p>\u042d\u043b. \u0430\u0434\u0440\u0435\u0441 (\u041e\u0431\u044f\u0437\u0430\u0442\u0435\u043b\u044c\u043d\u043e\u0435 \u043f\u043e\u043b\u0435)\n<\/p>\n<p><span class=\"wpcf7-form-control-wrap\" data-name=\"your-email\"><input size=\"40\" maxlength=\"400\" class=\"wpcf7-form-control wpcf7-email wpcf7-validates-as-required wpcf7-text wpcf7-validates-as-email\" aria-required=\"true\" aria-invalid=\"false\" value=\"\" type=\"email\" name=\"your-email\" \/><\/span>\n<\/p>\n<p>\u0422\u0435\u043b\u0435\u0444\u043e\u043d (\u041e\u0431\u044f\u0437\u0430\u0442\u0435\u043b\u044c\u043d\u043e\u0435 \u043f\u043e\u043b\u0435)\n<\/p>\n<p><span class=\"wpcf7-form-control-wrap\" data-name=\"telefono\"><input size=\"40\" maxlength=\"400\" class=\"wpcf7-form-control wpcf7-tel wpcf7-validates-as-required wpcf7-text wpcf7-validates-as-tel\" aria-required=\"true\" aria-invalid=\"false\" value=\"\" type=\"tel\" name=\"telefono\" \/><\/span>\n<\/p>\n<p> \u0421\u043e\u043e\u0431\u0449\u0435\u043d\u0438\u0435\n<\/p>\n<p><span class=\"wpcf7-form-control-wrap\" data-name=\"your-message\"><textarea cols=\"40\" rows=\"10\" maxlength=\"2000\" class=\"wpcf7-form-control wpcf7-textarea\" aria-invalid=\"false\" name=\"your-message\"><\/textarea><\/span>\n<\/p>\n<p><input class=\"wpcf7-form-control wpcf7-submit has-spinner\" type=\"submit\" value=\"\u043f\u043e\u0441\u043b\u0430\u0442\u044c\" \/>\n<\/p><p style=\"display: none !important;\" class=\"akismet-fields-container\" data-prefix=\"_wpcf7_ak_\"><label>&#916;<textarea name=\"_wpcf7_ak_hp_textarea\" cols=\"45\" rows=\"8\" maxlength=\"100\"><\/textarea><\/label><input type=\"hidden\" id=\"ak_js_1\" name=\"_wpcf7_ak_js\" value=\"74\"\/><script>document.getElementById( \"ak_js_1\" ).setAttribute( \"value\", ( new Date() ).getTime() );<\/script><\/p><div class=\"wpcf7-response-output\" aria-hidden=\"true\"><\/div>\n<\/form>\n<\/div>\n\n<hr \/>\n<p>Asociaci\u00f3n de Gu\u00edas Profesionales M\u00e1laga Cultural<\/p>\n<p>Tel\u00e9fono de contacto: Mahy Tahmassebi (+34) 656 659 542\u202c<\/p>\n<p>info@agpmalagacultural.es<\/p>\n<p>www.agpmalagacultural.es<\/p>\n","protected":false},"excerpt":{"rendered":"<p>Asociaci\u00f3n de Gu\u00edas Profesionales M\u00e1laga Cultural Tel\u00e9fono de contacto: Mahy Tahmassebi (+34) 656 659 542\u202c info@agpmalagacultural.es www.agpmalagacultural.es<\/p>\n","protected":false},"author":1,"featured_media":0,"parent":0,"menu_order":0,"comment_status":"closed","ping_status":"closed","template":"","meta":{"footnotes":""},"_links":{"self":[{"href":"https:\/\/agpmalagacultural.es\/ru\/wp-json\/wp\/v2\/pages\/342"}],"collection":[{"href":"https:\/\/agpmalagacultural.es\/ru\/wp-json\/wp\/v2\/pages"}],"about":[{"href":"https:\/\/agpmalagacultural.es\/ru\/wp-json\/wp\/v2\/types\/page"}],"author":[{"embeddable":true,"href":"https:\/\/agpmalagacultural.es\/ru\/wp-json\/wp\/v2\/users\/1"}],"replies":[{"embeddable":true,"href":"https:\/\/agpmalagacultural.es\/ru\/wp-json\/wp\/v2\/comments?post=342"}],"version-history":[{"count":4,"href":"https:\/\/agpmalagacultural.es\/ru\/wp-json\/wp\/v2\/pages\/342\/revisions"}],"predecessor-version":[{"id":4811,"href":"https:\/\/agpmalagacultural.es\/ru\/wp-json\/wp\/v2\/pages\/342\/revisions\/4811"}],"wp:attachment":[{"href":"https:\/\/agpmalagacultural.es\/ru\/wp-json\/wp\/v2\/media?parent=342"}],"curies":[{"name":"wp","href":"https:\/\/api.w.org\/{rel}","templated":true}]}}